{"id":48,"date":"2018-09-13T18:52:48","date_gmt":"2018-09-13T18:52:48","guid":{"rendered":"http:\/\/www.zoszch.sk\/?page_id=48"},"modified":"2021-07-29T20:21:00","modified_gmt":"2021-07-29T18:21:00","slug":"kontakt","status":"publish","type":"page","link":"http:\/\/www.zoszch.sk\/?page_id=48","title":{"rendered":"Kontakt"},"content":{"rendered":"\n<p><strong>Ing. \u013dubo\u0161 P\u00e1nis<\/strong> \u2013 predseda ZO SZCH \u010ceren\u010dany <br>S. Koll\u00e1ra 34, 979 01 \u010ceren\u010dany, okr. Rimavsk\u00e1 Sobota<br><\/p>\n\n\n\n<p>mobil : <strong>0951 825 365<\/strong><\/p>\n\n\n\n<p>e-mail: <strong><a href=\"mailto:predseda@zoszch.sk\">predseda@zoszch.sk<\/a><\/strong><\/p>\n","protected":false},"excerpt":{"rendered":"<p>Ing. \u013dubo\u0161 P\u00e1nis \u2013 predseda ZO SZCH \u010ceren\u010dany S. Koll\u00e1ra 34, 979 01 \u010ceren\u010dany, okr. Rimavsk\u00e1 Sobota mobil : 0951 825 365 e-mail: predseda@zoszch.sk<\/p>\n","protected":false},"author":1,"featured_media":0,"parent":0,"menu_order":0,"comment_status":"closed","ping_status":"closed","template":"","meta":{"footnotes":""},"class_list":["post-48","page","type-page","status-publish","hentry"],"_links":{"self":[{"href":"http:\/\/www.zoszch.sk\/index.php?rest_route=\/wp\/v2\/pages\/48","targetHints":{"allow":["GET"]}}],"collection":[{"href":"http:\/\/www.zoszch.sk\/index.php?rest_route=\/wp\/v2\/pages"}],"about":[{"href":"http:\/\/www.zoszch.sk\/index.php?rest_route=\/wp\/v2\/types\/page"}],"author":[{"embeddable":true,"href":"http:\/\/www.zoszch.sk\/index.php?rest_route=\/wp\/v2\/users\/1"}],"replies":[{"embeddable":true,"href":"http:\/\/www.zoszch.sk\/index.php?rest_route=%2Fwp%2Fv2%2Fcomments&post=48"}],"version-history":[{"count":8,"href":"http:\/\/www.zoszch.sk\/index.php?rest_route=\/wp\/v2\/pages\/48\/revisions"}],"predecessor-version":[{"id":239,"href":"http:\/\/www.zoszch.sk\/index.php?rest_route=\/wp\/v2\/pages\/48\/revisions\/239"}],"wp:attachment":[{"href":"http:\/\/www.zoszch.sk\/index.php?rest_route=%2Fwp%2Fv2%2Fmedia&parent=48"}],"curies":[{"name":"wp","href":"https:\/\/api.w.org\/{rel}","templated":true}]}}